{"id":673,"date":"2011-12-12T10:15:26","date_gmt":"2011-12-12T10:15:26","guid":{"rendered":"http:\/\/info-net.org.pl\/osiedle10\/?page_id=673"},"modified":"2024-10-15T15:25:42","modified_gmt":"2024-10-15T14:25:42","slug":"rada-osiedla-czlonkowie","status":"publish","type":"page","link":"http:\/\/www.os10.ostrowwlkp.org\/?page_id=673","title":{"rendered":"Cz\u0142onkowie"},"content":{"rendered":"<p align=\"center\">&nbsp;<\/p>\n<p align=\"center\">&#8212; STRONA INTERNETOWA AKTYWNA DO 2019 ROKU &#8212;<\/p>\n<h3 style=\"text-align: center;\">&nbsp;<\/h3>\n<h3>&nbsp;<\/h3>\n<h3 style=\"text-align: center;\"><strong>KADENCJA 2019-2024<\/strong><\/h3>\n<p style=\"text-align: center;\"><strong>CZ\u0141ONKOWIE&nbsp; RADY&nbsp; OSIEDLA&nbsp; NR 10 ,,PARCELE&nbsp; ZACHARZEWSKIE&#8221;&nbsp;<\/strong><\/p>\n<table border=\"0\" width=\"508\" cellspacing=\"0\" cellpadding=\"0\">\n<tbody>\n<tr>\n<td valign=\"top\" width=\"278\"><strong>Przewodnicz\u0105cy Rady Osiedla<\/strong><\/td>\n<td valign=\"top\" width=\"230\"><strong>Jaziewicz&nbsp;Renata<\/strong><\/td>\n<\/tr>\n<tr>\n<td valign=\"top\" width=\"278\">Z-ca Przewodnicz\u0105cego Rady Osiedla<\/td>\n<td valign=\"top\" width=\"230\">B\u0105k Magdalena<\/td>\n<\/tr>\n<tr>\n<td colspan=\"2\" valign=\"top\" width=\"508\">&nbsp;<\/td>\n<\/tr>\n<tr>\n<td valign=\"top\" width=\"278\"><strong>Przewodnicz\u0105cy Zarz\u0105du Osiedla<\/strong><\/td>\n<td valign=\"top\" width=\"230\"><strong>Szczepaniak Marta<\/strong><\/td>\n<\/tr>\n<tr>\n<td valign=\"top\" width=\"278\">Sekretarz Zarz\u0105du Osiedla<\/td>\n<td valign=\"top\" width=\"230\">Babral Kazimierz<\/td>\n<\/tr>\n<tr>\n<td valign=\"top\" width=\"278\">Skarbnik&nbsp; Zarz\u0105du Osiedla<\/td>\n<td valign=\"top\" width=\"230\">Walczak Ewelina<\/td>\n<\/tr>\n<tr>\n<td valign=\"top\" width=\"278\">Cz\u0142onek Zarz\u0105du Osiedla<\/td>\n<td valign=\"top\" width=\"230\">Decker Magdalena<\/td>\n<\/tr>\n<tr>\n<td valign=\"top\" width=\"278\">Cz\u0142onek Zarz\u0105du Osiedla<\/td>\n<td valign=\"top\" width=\"230\">\u015aliwi\u0144ski Marek<\/td>\n<\/tr>\n<tr>\n<td colspan=\"2\" valign=\"top\" width=\"508\">&nbsp;<\/td>\n<\/tr>\n<tr>\n<td valign=\"top\" width=\"278\">Cz\u0142onek Rady Osiedla<\/td>\n<td valign=\"top\" width=\"230\">B\u0105k Karina<\/td>\n<\/tr>\n<tr>\n<td valign=\"top\" width=\"278\">Cz\u0142onek Rady Osiedla<\/td>\n<td valign=\"top\" width=\"230\">Baura Jacek<\/td>\n<\/tr>\n<tr>\n<td valign=\"top\" width=\"278\">Cz\u0142onek Rady Osiedla<\/td>\n<td valign=\"top\" width=\"230\">Mi\u015bkiewicz Oleg<\/td>\n<\/tr>\n<tr>\n<td valign=\"top\" width=\"278\">Cz\u0142onek Rady Osiedla<\/td>\n<td valign=\"top\" width=\"230\">Motylewski Alojzy<\/td>\n<\/tr>\n<tr>\n<td valign=\"top\" width=\"278\">Cz\u0142onek Rady Osiedla<\/td>\n<td valign=\"top\" width=\"230\">Sommer Miros\u0142aw<\/td>\n<\/tr>\n<tr>\n<td valign=\"top\" width=\"508\">&nbsp;<\/td>\n<\/tr>\n<tr>\n<td valign=\"top\" width=\"278\"><strong>Przewodnicz\u0105cy Komisji Rewizyjnej<\/strong><\/td>\n<td valign=\"top\" width=\"230\"><strong>Ni\u015bkiewicz Bo\u017cena<\/strong><\/td>\n<\/tr>\n<tr>\n<td valign=\"top\" width=\"278\">Cz\u0142onek Komisji Rewizyjnej<\/td>\n<td valign=\"top\" width=\"230\">Kwiatkowski&nbsp;Jan<\/td>\n<\/tr>\n<tr>\n<td valign=\"top\" width=\"278\">Cz\u0142onek Komisji Rewizyjnej<\/td>\n<td valign=\"top\" width=\"230\">Zdunek&nbsp;Irena<\/td>\n<\/tr>\n<\/tbody>\n<\/table>\n<p>&nbsp;<\/p>\n<p>&nbsp;<\/p>\n<p style=\"text-align: center;\">*********************************************************************************************************<\/p>\n<h3 style=\"text-align: center;\"><strong>KADENCJA 2015-2019<\/strong><\/h3>\n<p style=\"text-align: center;\"><strong>CZ\u0141ONKOWIE&nbsp; RADY&nbsp; OSIEDLA&nbsp; NR 10 ,,PARCELE&nbsp; ZACHARZEWSKIE&#8221; 09.2016-2019<\/strong><\/p>\n<table border=\"0\" width=\"508\" cellspacing=\"0\" cellpadding=\"0\">\n<tbody>\n<tr>\n<td valign=\"top\" width=\"278\"><strong>Przewodnicz\u0105cy Rady Osiedla<\/strong><\/td>\n<td valign=\"top\" width=\"230\">Motylewski&nbsp;Alojzy<\/td>\n<\/tr>\n<tr>\n<td valign=\"top\" width=\"278\">Z-ca Przewodnicz\u0105cego Rady Osiedla<\/td>\n<td valign=\"top\" width=\"230\">Nowacki&nbsp;Bogdan<\/td>\n<\/tr>\n<tr>\n<td valign=\"top\" width=\"278\">Sekretarz Rady Osiedla<\/td>\n<td valign=\"top\" width=\"230\">Krakowska Ewa<\/td>\n<\/tr>\n<tr>\n<td colspan=\"2\" valign=\"top\" width=\"508\">&nbsp;<\/td>\n<\/tr>\n<tr>\n<td valign=\"top\" width=\"278\"><strong>Przewodnicz\u0105cy Zarz\u0105du Osiedla<\/strong><\/td>\n<td valign=\"top\" width=\"230\">Szczepaniak Marta<\/td>\n<\/tr>\n<tr>\n<td valign=\"top\" width=\"278\">Sekretarz Zarz\u0105du Osiedla<\/td>\n<td valign=\"top\" width=\"230\">Decker Magdalena<\/td>\n<\/tr>\n<tr>\n<td valign=\"top\" width=\"278\">Skarbnik&nbsp; Zarz\u0105du Osiedla<\/td>\n<td valign=\"top\" width=\"230\">Hentschke-Wolniewicz&nbsp;Jolanta<\/td>\n<\/tr>\n<tr>\n<td valign=\"top\" width=\"278\">Cz\u0142onek Zarz\u0105du Osiedla<\/td>\n<td valign=\"top\" width=\"230\">B\u0105k Magdalena<\/td>\n<\/tr>\n<tr>\n<td valign=\"top\" width=\"278\">Cz\u0142onek Zarz\u0105du Osiedla<\/td>\n<td valign=\"top\" width=\"230\">Jaziewicz&nbsp;Renata<\/td>\n<\/tr>\n<tr>\n<td colspan=\"2\" valign=\"top\" width=\"508\">&nbsp;<\/td>\n<\/tr>\n<tr>\n<td valign=\"top\" width=\"278\">Cz\u0142onek Rady Osiedla<\/td>\n<td valign=\"top\" width=\"230\">Dwornik Barbara<\/td>\n<\/tr>\n<tr>\n<td valign=\"top\" width=\"278\">Cz\u0142onek Rady Osiedla<\/td>\n<td valign=\"top\" width=\"230\">Urbaniak Aleksander<\/td>\n<\/tr>\n<tr>\n<td colspan=\"2\" valign=\"top\" width=\"508\">&nbsp;<\/td>\n<\/tr>\n<tr>\n<td valign=\"top\" width=\"278\"><strong>Przewodnicz\u0105cy Komisji Rewizyjnej<\/strong><\/td>\n<td valign=\"top\" width=\"230\">Schubert&nbsp;Miros\u0142awa<\/td>\n<\/tr>\n<tr>\n<td valign=\"top\" width=\"278\">Cz\u0142onek Komisji Rewizyjnej<\/td>\n<td valign=\"top\" width=\"230\">Fluder&nbsp;Janina<\/td>\n<\/tr>\n<tr>\n<td valign=\"top\" width=\"278\">Cz\u0142onek Komisji Rewizyjnej<\/td>\n<td valign=\"top\" width=\"230\">Kwiatkowski&nbsp;Jan<\/td>\n<\/tr>\n<tr>\n<td valign=\"top\" width=\"278\">Cz\u0142onek Komisji Rewizyjnej<\/td>\n<td valign=\"top\" width=\"230\">Matuszewska&nbsp;Irena<\/td>\n<\/tr>\n<tr>\n<td valign=\"top\" width=\"278\">Cz\u0142onek Komisji Rewizyjnej<\/td>\n<td valign=\"top\" width=\"230\">Zdunek&nbsp;Irena<\/td>\n<\/tr>\n<\/tbody>\n<\/table>\n<table border=\"1\" cellspacing=\"0\" cellpadding=\"0\">\n<tbody>\n<tr>\n<td valign=\"top\" width=\"614\">\n<p align=\"center\"><strong>&nbsp;<\/strong><\/p>\n<h4 align=\"center\"><strong>UCHWA\u0141A NR 4\/2016<\/strong><\/h4>\n<h5 align=\"center\"><strong>Rady Osiedla Nr 10 \u201eParcele Zacharzewskie\u201d w Ostrowie Wielkopolskim<\/strong><\/h5>\n<h5 align=\"center\"><strong>z dnia 26 wrze\u015bnia 2016r.<\/strong><\/h5>\n<p>Na podstawie \u00a722 ust.1 i ust.2, \u00a724 ust.1 oraz \u00a719 ust.1 i ust.3 Uchwa\u0142y Nr&nbsp;LIV\/540\/2014 Rady Miasta Ostrowa Wielkopolskiego z dnia 30.10.2014r. w sprawie ustalenia Statutu Osiedla Nr 10 \u201eParcele Zacharzewskie\u201d stwierdza si\u0119, co nast\u0119puje:<\/p>\n<p>\u00a71 \u2013 W wyniku g\u0142osowania stwierdza si\u0119 wyb\u00f3r pani Marty Szczepaniak na Przewodnicz\u0105cego Zarz\u0105du Osiedla Nr 10 \u201eParcele Zacharzewskie\u201d.<\/p>\n<p>\u00a72 \u2013 Uchwa\u0142a wchodzi w \u017cycie z dniem podj\u0119cia.<\/p>\n<p>&nbsp;<\/td>\n<\/tr>\n<\/tbody>\n<\/table>\n<table border=\"1\" cellspacing=\"0\" cellpadding=\"0\">\n<tbody>\n<tr>\n<td valign=\"top\" width=\"614\">\n<h4 align=\"center\"><strong>&nbsp;UCHWA\u0141A NR 3\/2016<\/strong><\/h4>\n<h5 align=\"center\"><strong>Rady Osiedla Nr 10 \u201eParcele Zacharzewskie\u201d w Ostrowie Wielkopolskim<\/strong><\/h5>\n<h5 align=\"center\"><strong>z dnia 26 wrze\u015bnia 2016r.<br \/>\n<\/strong><\/h5>\n<h5 align=\"center\"><strong>w sprawie odwo\u0142ania Przewodnicz\u0105cego Zarz\u0105du Osiedla Nr 10 \u201eParcele Zacharzewskie\u201d w Ostrowie Wielkopolskim<\/strong>.<\/h5>\n<p>Na podstawie \u00a722 ust.1 na zasadach okre\u015blonych w \u00a721 w rozumieniu ust.2 Uchwa\u0142y Nr&nbsp;LIV\/540\/2014 Rady Miasta Ostrowa Wielkopolskiego z dnia 30.10.2014r. w sprawie ustalenia Statutu Osiedla Nr 10 \u201eParcele Zacharzewskie\u201d stwierdza si\u0119, co nast\u0119puje:<\/p>\n<p>\u00a71 \u2013 W wyniku g\u0142osowania stwierdza si\u0119, odwo\u0142anie Przewodnicz\u0105cego Zarz\u0105du Osiedla Nr&nbsp;10 \u201eParcele Zacharzewskie\u201d pana Mieczys\u0142awa Mazurka.<\/p>\n<p>\u00a72 \u2013 Uchwa\u0142a wchodzi w \u017cycie z dniem podj\u0119cia.<\/p>\n<p align=\"center\">***<\/p>\n<h5 align=\"center\"><strong>Uzasadnienie Uchwa\u0142y Nr 3\/2016<\/strong><\/h5>\n<p>Zgodnie z &nbsp;\u00a722 ust.1 na zasadach okre\u015blonych w \u00a721 w rozumieniu ust.2 Uchwa\u0142y Nr&nbsp;LIV\/540\/2014 Rady Miasta Ostrowa Wielkopolskiego z dnia 30.10.2014r. w sprawie ustalenia Statutu Osiedla Nr 10 \u201eParcele Zacharzewskie\u201d Rada Osiedla odwo\u0142a\u0142a Przewodnicz\u0105cego Zarz\u0105du Osiedla Nr&nbsp;10 \u201eParcele Zacharzewskie\u201d po z\u0142o\u017ceniu przez niego rezygnacji z funkcji cz\u0142onka Rady Osiedla.<\/p>\n<p>&nbsp;<\/td>\n<\/tr>\n<\/tbody>\n<\/table>\n<p>&nbsp;<\/p>\n<p style=\"text-align: center;\"><strong>CZ\u0141ONKOWIE&nbsp; RADY&nbsp; OSIEDLA&nbsp; NR 10 ,,PARCELE&nbsp; ZACHARZEWSKIE&#8221; 2015-09.2016<\/strong><\/p>\n<table border=\"0\" width=\"508\" cellspacing=\"0\" cellpadding=\"0\">\n<tbody>\n<tr>\n<td valign=\"top\" width=\"278\"><strong>Przewodnicz\u0105cy Rady Osiedla<\/strong><\/td>\n<td valign=\"top\" width=\"230\">Motylewski&nbsp;Alojzy<\/td>\n<\/tr>\n<tr>\n<td valign=\"top\" width=\"278\">Z-ca Przewodnicz\u0105cego Rady Osiedla<\/td>\n<td valign=\"top\" width=\"230\">Nowacki&nbsp;Bogdan<\/td>\n<\/tr>\n<tr>\n<td valign=\"top\" width=\"278\">Sekretarz Rady Osiedla<\/td>\n<td valign=\"top\" width=\"230\">Krakowska Ewa<\/td>\n<\/tr>\n<tr>\n<td colspan=\"2\" valign=\"top\" width=\"508\">&nbsp;<\/td>\n<\/tr>\n<tr>\n<td valign=\"top\" width=\"278\"><strong>Przewodnicz\u0105cy Zarz\u0105du Osiedla<\/strong><\/td>\n<td valign=\"top\" width=\"230\">Mazurek Mieczys\u0142aw<\/td>\n<\/tr>\n<tr>\n<td valign=\"top\" width=\"278\">Sekretarz Zarz\u0105du Osiedla<\/td>\n<td valign=\"top\" width=\"230\">Jaziewicz&nbsp;Renata<\/td>\n<\/tr>\n<tr>\n<td valign=\"top\" width=\"278\">Skarbnik&nbsp; Zarz\u0105du Osiedla<\/td>\n<td valign=\"top\" width=\"230\">Hentschke-Wolniewicz&nbsp;Jolanta<\/td>\n<\/tr>\n<tr>\n<td valign=\"top\" width=\"278\">Cz\u0142onek Zarz\u0105du Osiedla<\/td>\n<td valign=\"top\" width=\"230\">B\u0105k Magdalena<\/td>\n<\/tr>\n<tr>\n<td valign=\"top\" width=\"278\">Cz\u0142onek Zarz\u0105du Osiedla<\/td>\n<td valign=\"top\" width=\"230\">Szczepaniak Marta<\/td>\n<\/tr>\n<tr>\n<td colspan=\"2\" valign=\"top\" width=\"508\">&nbsp;<\/td>\n<\/tr>\n<tr>\n<td valign=\"top\" width=\"278\">Cz\u0142onek Rady Osiedla<\/td>\n<td valign=\"top\" width=\"230\">Decker Magdalena<\/td>\n<\/tr>\n<tr>\n<td valign=\"top\" width=\"278\">Cz\u0142onek Rady Osiedla<\/td>\n<td valign=\"top\" width=\"230\">Dwornik Barbara<\/td>\n<\/tr>\n<tr>\n<td colspan=\"2\" valign=\"top\" width=\"508\">&nbsp;<\/td>\n<\/tr>\n<tr>\n<td valign=\"top\" width=\"278\"><strong>Przewodnicz\u0105cy Komisji Rewizyjnej<\/strong><\/td>\n<td valign=\"top\" width=\"230\">Schubert&nbsp;Miros\u0142awa<\/td>\n<\/tr>\n<tr>\n<td valign=\"top\" width=\"278\">Cz\u0142onek Komisji Rewizyjnej<\/td>\n<td valign=\"top\" width=\"230\">Fluder&nbsp;Janina<\/td>\n<\/tr>\n<tr>\n<td valign=\"top\" width=\"278\">Cz\u0142onek Komisji Rewizyjnej<\/td>\n<td valign=\"top\" width=\"230\">Kwiatkowski&nbsp;Jan<\/td>\n<\/tr>\n<tr>\n<td valign=\"top\" width=\"278\">Cz\u0142onek Komisji Rewizyjnej<\/td>\n<td valign=\"top\" width=\"230\">Matuszewska&nbsp;Irena<\/td>\n<\/tr>\n<tr>\n<td valign=\"top\" width=\"278\">Cz\u0142onek Komisji Rewizyjnej<\/td>\n<td valign=\"top\" width=\"230\">Zdunek&nbsp;Irena<\/td>\n<\/tr>\n<\/tbody>\n<\/table>\n","protected":false},"excerpt":{"rendered":"<p>&nbsp; &#8212; STRONA INTERNETOWA AKTYWNA DO 2019 ROKU &#8212; &nbsp; &nbsp; KADENCJA 2019-2024 CZ\u0141ONKOWIE&nbsp; RADY&nbsp; OSIEDLA&nbsp; NR 10 ,,PARCELE&nbsp; ZACHARZEWSKIE&#8221;&nbsp; Przewodnicz\u0105cy Rady Osiedla Jaziewicz&nbsp;Renata Z-ca Przewodnicz\u0105cego Rady Osiedla B\u0105k Magdalena &nbsp; Przewodnicz\u0105cy Zarz\u0105du Osiedla Szczepaniak Marta Sekretarz Zarz\u0105du Osiedla Babral Kazimierz Skarbnik&nbsp; Zarz\u0105du Osiedla Walczak Ewelina Cz\u0142onek Zarz\u0105du Osiedla Decker Magdalena Cz\u0142onek Zarz\u0105du Osiedla \u015aliwi\u0144ski [&hellip;]<\/p>\n","protected":false},"author":1,"featured_media":0,"parent":0,"menu_order":5,"comment_status":"open","ping_status":"closed","template":"","meta":{"ngg_post_thumbnail":0,"footnotes":""},"class_list":["post-673","page","type-page","status-publish","hentry"],"_links":{"self":[{"href":"http:\/\/www.os10.ostrowwlkp.org\/index.php?rest_route=\/wp\/v2\/pages\/673","targetHints":{"allow":["GET"]}}],"collection":[{"href":"http:\/\/www.os10.ostrowwlkp.org\/index.php?rest_route=\/wp\/v2\/pages"}],"about":[{"href":"http:\/\/www.os10.ostrowwlkp.org\/index.php?rest_route=\/wp\/v2\/types\/page"}],"author":[{"embeddable":true,"href":"http:\/\/www.os10.ostrowwlkp.org\/index.php?rest_route=\/wp\/v2\/users\/1"}],"replies":[{"embeddable":true,"href":"http:\/\/www.os10.ostrowwlkp.org\/index.php?rest_route=%2Fwp%2Fv2%2Fcomments&post=673"}],"version-history":[{"count":67,"href":"http:\/\/www.os10.ostrowwlkp.org\/index.php?rest_route=\/wp\/v2\/pages\/673\/revisions"}],"predecessor-version":[{"id":2753,"href":"http:\/\/www.os10.ostrowwlkp.org\/index.php?rest_route=\/wp\/v2\/pages\/673\/revisions\/2753"}],"wp:attachment":[{"href":"http:\/\/www.os10.ostrowwlkp.org\/index.php?rest_route=%2Fwp%2Fv2%2Fmedia&parent=673"}],"curies":[{"name":"wp","href":"https:\/\/api.w.org\/{rel}","templated":true}]}}