{"id":861,"date":"2012-04-20T18:57:23","date_gmt":"2012-04-20T18:57:23","guid":{"rendered":"http:\/\/www.os10.ostrowwlkp.org\/?page_id=861"},"modified":"2020-06-08T09:50:46","modified_gmt":"2020-06-08T08:50:46","slug":"kontakt","status":"publish","type":"page","link":"http:\/\/www.os10.ostrowwlkp.org\/?page_id=861","title":{"rendered":"Kontakt"},"content":{"rendered":"<h4 style=\"text-align: center;\"><strong>Drodzy mieszka\u0144cy!<\/strong><\/h4>\n<p style=\"text-align: left;\">Dy\u017cury przedstawicieli Rady Osiedla odbywaj\u0105 si\u0119 w <strong>ka\u017cdy poniedzia\u0142ek<\/strong> od godz. <strong>17.00<\/strong> do <strong>18.00<\/strong> w siedzibie Rady.<\/p>\n<p style=\"text-align: center;\">Zapraszamy!<\/p>\n<p style=\"text-align: center;\"><iframe loading=\"lazy\" src=\"https:\/\/maps.google.pl\/maps\/ms?msa=0&amp;msid=210923775699198187437.0004d733c5ca1ffc8c55d&amp;hl=pl&amp;ie=UTF8&amp;t=m&amp;z=17&amp;output=embed\" marginwidth=\"0\" marginheight=\"0\" scrolling=\"no\" width=\"337\" height=\"277\" frameborder=\"0\"><\/iframe><\/p>\n<p style=\"text-align: center;\">&nbsp;<\/p>\n<h5 style=\"text-align: left;\">Wa\u017cne telefony!<\/h5>\n<h6 style=\"text-align: left;\">1) Dzielnicowy POLICJA:<\/h6>\n<h6 style=\"text-align: left;\">DZIELNICA NR 3 &#8211; st. sier\u017c. Karolina Ko\u0142odziej<\/h6>\n<p style=\"text-align: left; padding-left: 40px;\">tel. 62\/73 77 243<\/p>\n<p style=\"text-align: left; padding-left: 40px;\">tel. kom. 786 936 387<\/p>\n<p style=\"text-align: left; padding-left: 40px;\">e-mail: dzielnicowy.ostrow-wlkp3@po.policja.gov.pl<\/p>\n<h6 style=\"text-align: left;\">DZIELNICA NR 4 &#8211; st. sier\u017c. Joanna Michalak<\/h6>\n<p style=\"text-align: left; padding-left: 40px;\">tel. 62\/73 77 449<\/p>\n<p style=\"text-align: left; padding-left: 40px;\">tel. kom. 786 936 385<\/p>\n<p style=\"text-align: left; padding-left: 40px;\">e-mail: dzielnicowy.ostrow-wlkp4@po.policja.gov.pl<\/p>\n<h6 style=\"text-align: left;\">2) Dzielnicowy STRA\u017b MIEJSKA &#8211; insp. Jacek Malkowski<\/h6>\n<p style=\"text-align: left; padding-left: 40px;\">&nbsp;tel. 62\/738 89 50<\/p><\/p>\n","protected":false},"excerpt":{"rendered":"<p>Drodzy mieszka\u0144cy! Dy\u017cury przedstawicieli Rady Osiedla odbywaj\u0105 si\u0119 w ka\u017cdy poniedzia\u0142ek od godz. 17.00 do 18.00 w siedzibie Rady. Zapraszamy! &nbsp; Wa\u017cne telefony! 1) Dzielnicowy POLICJA: DZIELNICA NR 3 &#8211; st. sier\u017c. Karolina Ko\u0142odziej tel. 62\/73 77 243 tel. kom. 786 936 387 e-mail: dzielnicowy.ostrow-wlkp3@po.policja.gov.pl DZIELNICA NR 4 &#8211; st. sier\u017c. Joanna Michalak tel. 62\/73 [&hellip;]<\/p>\n","protected":false},"author":6,"featured_media":0,"parent":0,"menu_order":8,"comment_status":"closed","ping_status":"open","template":"contact-form.php","meta":{"ngg_post_thumbnail":0,"footnotes":""},"class_list":["post-861","page","type-page","status-publish","hentry"],"_links":{"self":[{"href":"http:\/\/www.os10.ostrowwlkp.org\/index.php?rest_route=\/wp\/v2\/pages\/861","targetHints":{"allow":["GET"]}}],"collection":[{"href":"http:\/\/www.os10.ostrowwlkp.org\/index.php?rest_route=\/wp\/v2\/pages"}],"about":[{"href":"http:\/\/www.os10.ostrowwlkp.org\/index.php?rest_route=\/wp\/v2\/types\/page"}],"author":[{"embeddable":true,"href":"http:\/\/www.os10.ostrowwlkp.org\/index.php?rest_route=\/wp\/v2\/users\/6"}],"replies":[{"embeddable":true,"href":"http:\/\/www.os10.ostrowwlkp.org\/index.php?rest_route=%2Fwp%2Fv2%2Fcomments&post=861"}],"version-history":[{"count":51,"href":"http:\/\/www.os10.ostrowwlkp.org\/index.php?rest_route=\/wp\/v2\/pages\/861\/revisions"}],"predecessor-version":[{"id":2686,"href":"http:\/\/www.os10.ostrowwlkp.org\/index.php?rest_route=\/wp\/v2\/pages\/861\/revisions\/2686"}],"wp:attachment":[{"href":"http:\/\/www.os10.ostrowwlkp.org\/index.php?rest_route=%2Fwp%2Fv2%2Fmedia&parent=861"}],"curies":[{"name":"wp","href":"https:\/\/api.w.org\/{rel}","templated":true}]}}